{"id":1439,"date":"2022-04-08T00:28:18","date_gmt":"2022-04-07T22:28:18","guid":{"rendered":"https:\/\/www.lamaisonduguil.com\/blog\/?page_id=1439"},"modified":"2023-01-09T18:13:16","modified_gmt":"2023-01-09T17:13:16","slug":"mentions-legales-et-conditions-generales-de-vente","status":"publish","type":"page","link":"https:\/\/www.lamaisonduguil.com\/blog\/mentions-legales-et-conditions-generales-de-vente\/","title":{"rendered":"Mentions l\u00e9gales et conditions g\u00e9n\u00e9rales de vente"},"content":{"rendered":"\t\t<div data-elementor-type=\"wp-page\" data-elementor-id=\"1439\" class=\"elementor elementor-1439\">\n\t\t\t\t\t\t<section class=\"elementor-section elementor-top-section elementor-element elementor-element-e1b208d elementor-section-boxed elementor-section-height-default elementor-section-height-default\" data-id=\"e1b208d\" data-element_type=\"section\" data-e-type=\"section\">\n\t\t\t\t\t\t<div class=\"elementor-container elementor-column-gap-default\">\n\t\t\t\t\t<div class=\"elementor-column elementor-col-100 elementor-top-column elementor-element elementor-element-04c1442\" data-id=\"04c1442\" data-element_type=\"column\" data-e-type=\"column\">\n\t\t\t<div class=\"elementor-widget-wrap elementor-element-populated\">\n\t\t\t\t\t\t<div class=\"elementor-element elementor-element-2e7a181 elementor-widget elementor-widget-text-editor\" data-id=\"2e7a181\" data-element_type=\"widget\" data-e-type=\"widget\" data-widget_type=\"text-editor.default\">\n\t\t\t\t<div class=\"elementor-widget-container\">\n\t\t\t\t\t\t\t\t\t<h3>Mentions L\u00e9gales<\/h3><p>En vertu de l\u2019article 6 de la loi n\u00b0 2004-575 du 21 juin 2004 pour la confiance dans l\u2019\u00e9conomie num\u00e9rique, il est pr\u00e9cis\u00e9 aux utilisateurs du site <a href=\"http:\/\/www.lamaisonduguil.com\/\">www.lamaisonduguil.com<\/a> l\u2019identit\u00e9 des diff\u00e9rents intervenants dans le cadre de sa r\u00e9alisation et de son suivi.<\/p><p><strong>Propri\u00e9taire<\/strong><\/p><p>SARL La Maison du Guil<br \/>1337 Chemin de la Font d&rsquo;Eygliers<br \/>05600 Eygliers<br \/>France<\/p><p>SIRET 749 991 279 00011 &#8211;\u00a0RCS GAP<br \/>Code APE 5520Z<\/p><p><strong>Si\u00e8ge social<\/strong><\/p><p>La Goavie<br \/>05600 Eygliers<br \/>France<\/p><p>Capital social 20.000 euros<br \/>Num\u00e9ro TVA FR67 249 991 279<\/p><p>G\u00e9rants\u00a0:\u00a0 Tom Van De Velde et Wim Louage<\/p><p>T\u00e9l + 33 4 92 50 16 20<br \/>Mail info@lamaisonduguil.com<\/p><p><strong>Cr\u00e9ateur du site web<br \/><\/strong>Ivan Reynier<br \/>Maison de l\u2019Entreprise<br \/>11 all\u00e9e des gen\u00eats<br \/>04200 Sisteron<\/p><p>T\u00e9l + 33 6 75 07 53 15<br \/>Mail ivan.reynier@free.fr<\/p><p><strong>Responsable publication<br \/><\/strong>Tom Van De Velde<\/p><p><strong>H\u00e9bergeur du site web<br \/><\/strong>OVH<br \/>2 rue Kellermann<br \/>59100 Roubaix<br \/>France<br \/>T\u00e9l + 33 9 72 10 10 07<\/p><h3>Conditions g\u00e9n\u00e9rales de vente<\/h3><ol><li>Le client d\u00e9clare avoir pris connaissance et accept\u00e9 les pr\u00e9sentes conditions g\u00e9n\u00e9rales de vente avant la passation de la r\u00e9servation. La confirmation de la r\u00e9servation vaut donc acceptation de ces conditions g\u00e9n\u00e9rales de vente.<\/li><li><span style=\"font-size: 16px;\">Tarifs<br \/><\/span><span style=\"font-size: 16px;\">Les tarifs sont affich\u00e9s sur notre site web, et seront sp\u00e9cifi\u00e9s dans le mail de confirmation de r\u00e9servation.<\/span><\/li><li><span style=\"font-size: 16px;\">R\u00e9servation<br \/><\/span><span style=\"font-size: 16px;\">La proposition de s\u00e9jour indique les disponibilit\u00e9s \u00e0 la date de notre r\u00e9ponse \u00e0 votre demande, et ne peut garantir les dates propos\u00e9s ult\u00e9rieurement.\u00a0 A r\u00e9ception de la confirmation du client, nous lui envoyons un r\u00e9capitulatif du s\u00e9jour.\u00a0<\/span><\/li><li><span style=\"font-size: 16px;\">Conclusion du contrat<br \/><\/span><span style=\"font-size: 16px;\">La r\u00e9servation devient effective d\u00e8s lors que le client aura fait parvenir au propri\u00e9taire des arrhes de 30% du montant total du s\u00e9jour, avec un minimum d\u2019une nuit\u00e9e par chambre retenue.<\/span><\/li><li><span style=\"font-size: 16px;\">Annulation par le client<br \/><\/span><span style=\"font-size: 16px;\">Toute annulation doit \u00eatre notifi\u00e9e par \u00e9crit.<\/span><ol><li>Annulation avant le d\u00e9but du s\u00e9jour<\/li><li>Si l\u2019annulation intervient plus de 30 jours avant le d\u00e9but du s\u00e9jour, les arrhes restent acquises au propri\u00e9taire.<\/li><li>Si l\u2019annulation intervient entre le 30i\u00e8me et le 15i\u00e8me jour avant le d\u00e9but du s\u00e9jour, 50% de la valeur du s\u00e9jour avec un minimum d\u2019une nuit\u00e9e est d\u00fb au propri\u00e9taire.<\/li><li>Si l\u2019annulation intervient moins de 15 jours avant le d\u00e9but du s\u00e9jour, la totalit\u00e9 du prix du s\u00e9jour est d\u00fb au propri\u00e9taire.<\/li><\/ol><\/li><li>Interruption du s\u00e9jour<br \/><span style=\"font-size: 16px;\">Dans le cas d\u2019un s\u00e9jour \u00e9court\u00e9, quelqu\u2019en soit les raisons (maladie, m\u00e9t\u00e9o d\u00e9favorable, \u2026) le s\u00e9jour est enti\u00e8rement d\u00fb.\u00a0<br \/><\/span>Si le client ne se manifeste pas avant 19h le jour pr\u00e9vu de d\u00e9but du s\u00e9jour, la r\u00e9servation est annul\u00e9e, le propri\u00e9taire peut disposer librement de la chambre, et la totalit\u00e9 du s\u00e9jour est d\u00fb au propri\u00e9taire.<\/li><li><span style=\"font-size: 16px;\">Arriv\u00e9e \u2013 d\u00e9part<br \/><\/span><span style=\"font-size: 16px;\">Nous pouvons vous recevoir \u00e0 partir de 17h00.\u00a0 Dans le cas d\u2019une arriv\u00e9e tardive, nous vous prions de nous avertir en avance.\u00a0 Le jour du d\u00e9part, les chambres doivent \u00eatre lib\u00e9r\u00e9es au plus tard \u00e0 11h00.\u00a0<\/span><\/li><li><span style=\"font-size: 16px;\">Utilisation des lieux<br \/><\/span><span style=\"font-size: 16px;\">Le client devra respecter le caract\u00e8re paisible des lieux et en faire un usage conforme \u00e0 leur destination.\u00a0 Il s\u2019engage \u00e0 rendre les chambres en bon \u00e9tat.\u00a0 Les chambres ne seront pas utilis\u00e9es pour stocker des v\u00e9los, du mat\u00e9riel de ski etc.\u00a0 Le client s\u2019engage \u00e9galement \u00e0 ne pas ammener de la nourriture dans la chambre.\u00a0<\/span><\/li><li><span style=\"font-size: 16px;\">Animaux<br \/><\/span><span style=\"font-size: 16px;\">Les animaux ne sont pas admis dans les chambres ou dans la totalit\u00e9 de la maison.\u00a0<\/span><\/li><li><span style=\"font-size: 16px;\">Taxe de s\u00e9jour<br \/><\/span><span style=\"font-size: 16px;\">La taxe de s\u00e9jour est un imp\u00f4t local que le client doit acquitter aupr\u00e8s du propri\u00e9taire qui la renverse au tr\u00e9sor public.\u00a0 Cette taxe de s\u00e9jour est donc factur\u00e9e en sus.\u00a0 Elle est susceptible d\u2019\u00eatre r\u00e9actualis\u00e9e.\u00a0<\/span><\/li><li><span style=\"font-size: 16px;\">Responsabilit\u00e9<br \/><\/span><span style=\"font-size: 16px;\">Le propri\u00e9taire d\u00e9cline toute responsabilit\u00e9 en cas de vol d\u2019une somme ou valeur laiss\u00e9 dans la chambre.\u00a0 Toute d\u00e9t\u00e9rioration par le client de mat\u00e9riel, objets, meubles etc sera factur\u00e9e en sus.\u00a0<\/span><\/li><li><span style=\"font-size: 16px;\">Les pr\u00e9sentes conditions g\u00e9n\u00e9rales de vente sont susceptibles d\u2019\u00eatre modifi\u00e9 \u00e0 tout moment, sans pr\u00e9avis. Derni\u00e8re modification le 07 Avril 2022.\u00a0<\/span><\/li><\/ol><p>La Maison du Guil<br \/>1337 Chemin de la Font d&rsquo;Eygliers<br \/>05600 Eygliers<br \/>France<br \/>+33 4 92 50 16 20<br \/><a href=\"mailto:info@lamaisonduguil.com\">info@lamaisonduguil.com<\/a><\/p><p>www.lamaisonduguil.com<\/p><h3>Traitement des donn\u00e9es personnelles et utilisation des cookies<\/h3><p>Le site web <a href=\"http:\/\/www.lamaisonduguil.com\/\">www.lamaisonduguil.com<\/a> utilise des cookies, des traceurs qui analysent la navigation, uniquement pour analyser et am\u00e9liorer les fonctionnalit\u00e9s du site web.\u00a0 Les cookies ne sont pas utilis\u00e9s pour des fins commerciales ou publicitaires.\u00a0<\/p><p>Si vous faites une demande de r\u00e9servation ou une r\u00e9servation, nous enregistrons votre nom, pr\u00e9nom, adresse, adresse mail, num\u00e9ro de t\u00e9l\u00e9phone et ou portable.\u00a0 Ces informations sont sauvegard\u00e9 dans un fichier stock\u00e9 sur notre serveur en France, et ils sont utilis\u00e9\u00a0:<\/p><ul><li>pour g\u00e9rer la relation commerciale entre nous en ce qui concerne votre r\u00e9servation de s\u00e9jour<\/li><li>pour vous envoyer un mail d\u2019information, maximum 2 fois par an, dans ce mail vous auriez toujours le lien pour vous d\u00e9sinscrire de nos communications.<\/li><\/ul><h3>Conditions d\u2019utilisation du site internet <a href=\"http:\/\/www.lamaisonduguil.com\/\">www.lamaisonduguil.com<\/a><\/h3><p>Les contenus figurant sur le site sont la propri\u00e9t\u00e9 de La Maison du Guil.\u00a0 Toute utilisation, reproduction ou repr\u00e9sentation, par quelque proc\u00e9d\u00e9 que ce soit, et sur quelque support que ce soit, de tout ou partie du site et\/ou des \u00e9l\u00e9ments qui le composent n\u2019est pas autoris\u00e9 sans le consentement expresse de la Maison du Guil.\u00a0<\/p>\t\t\t\t\t\t\t\t<\/div>\n\t\t\t\t<\/div>\n\t\t\t\t\t<\/div>\n\t\t<\/div>\n\t\t\t\t\t<\/div>\n\t\t<\/section>\n\t\t\t\t<\/div>\n\t\t","protected":false},"excerpt":{"rendered":"<p>Mentions L\u00e9gales En vertu de l\u2019article 6 de la loi n\u00b0 2004-575 du 21 juin 2004 pour la confiance dans l\u2019\u00e9conomie num\u00e9rique, il est pr\u00e9cis\u00e9 aux utilisateurs du site www.lamaisonduguil.com l\u2019identit\u00e9 des diff\u00e9rents intervenants dans le cadre de sa r\u00e9alisation et de son suivi. Propri\u00e9taire SARL La Maison du Guil1337 Chemin de la Font d&rsquo;Eygliers05600 [&hellip;]<\/p>\n","protected":false},"author":2,"featured_media":0,"parent":0,"menu_order":0,"comment_status":"closed","ping_status":"closed","template":"","meta":{"site-sidebar-layout":"no-sidebar","site-content-layout":"page-builder","ast-site-content-layout":"default","site-content-style":"default","site-sidebar-style":"default","ast-global-header-display":"","ast-banner-title-visibility":"","ast-main-header-display":"","ast-hfb-above-header-display":"","ast-hfb-below-header-display":"","ast-hfb-mobile-header-display":"","site-post-title":"disabled","ast-breadcrumbs-content":"","ast-featured-img":"disabled","footer-sml-layout":"","theme-transparent-header-meta":"","adv-header-id-meta":"","stick-header-meta":"","header-above-stick-meta":"","header-main-stick-meta":"","header-below-stick-meta":"","astra-migrate-meta-layouts":"default","ast-page-background-enabled":"default","ast-page-background-meta":{"desktop":{"background-color":"","background-image":"","background-repeat":"repeat","background-position":"center center","background-size":"auto","background-attachment":"scroll","background-type":"","background-media":"","overlay-type":"","overlay-color":"","overlay-opacity":"","overlay-gradient":""},"tablet":{"background-color":"","background-image":"","background-repeat":"repeat","background-position":"center center","background-size":"auto","background-attachment":"scroll","background-type":"","background-media":"","overlay-type":"","overlay-color":"","overlay-opacity":"","overlay-gradient":""},"mobile":{"background-color":"","background-image":"","background-repeat":"repeat","background-position":"center center","background-size":"auto","background-attachment":"scroll","background-type":"","background-media":"","overlay-type":"","overlay-color":"","overlay-opacity":"","overlay-gradient":""}},"ast-content-background-meta":{"desktop":{"background-color":"var(--ast-global-color-5)","background-image":"","background-repeat":"repeat","background-position":"center center","background-size":"auto","background-attachment":"scroll","background-type":"","background-media":"","overlay-type":"","overlay-color":"","overlay-opacity":"","overlay-gradient":""},"tablet":{"background-color":"var(--ast-global-color-5)","background-image":"","background-repeat":"repeat","background-position":"center center","background-size":"auto","background-attachment":"scroll","background-type":"","background-media":"","overlay-type":"","overlay-color":"","overlay-opacity":"","overlay-gradient":""},"mobile":{"background-color":"var(--ast-global-color-5)","background-image":"","background-repeat":"repeat","background-position":"center center","background-size":"auto","background-attachment":"scroll","background-type":"","background-media":"","overlay-type":"","overlay-color":"","overlay-opacity":"","overlay-gradient":""}},"ngg_post_thumbnail":0,"footnotes":""},"class_list":["post-1439","page","type-page","status-publish","hentry"],"yoast_head":"<!-- This site is optimized with the Yoast SEO plugin v27.4 - https:\/\/yoast.com\/product\/yoast-seo-wordpress\/ -->\n<title>Mentions l\u00e9gales et conditions g\u00e9n\u00e9rales de vente - La Maison du Guil - Le Blog<\/title>\n<meta name=\"robots\" content=\"index, follow, max-snippet:-1, max-image-preview:large, max-video-preview:-1\" \/>\n<link rel=\"canonical\" href=\"https:\/\/www.lamaisonduguil.com\/blog\/mentions-legales-et-conditions-generales-de-vente\/\" \/>\n<meta property=\"og:locale\" content=\"fr_FR\" \/>\n<meta property=\"og:type\" content=\"article\" \/>\n<meta property=\"og:title\" content=\"Mentions l\u00e9gales et conditions g\u00e9n\u00e9rales de vente - La Maison du Guil - Le Blog\" \/>\n<meta property=\"og:description\" content=\"Mentions L\u00e9gales En vertu de l\u2019article 6 de la loi n\u00b0 2004-575 du 21 juin 2004 pour la confiance dans l\u2019\u00e9conomie num\u00e9rique, il est pr\u00e9cis\u00e9 aux utilisateurs du site www.lamaisonduguil.com l\u2019identit\u00e9 des diff\u00e9rents intervenants dans le cadre de sa r\u00e9alisation et de son suivi. Propri\u00e9taire SARL La Maison du Guil1337 Chemin de la Font d&rsquo;Eygliers05600 [&hellip;]\" \/>\n<meta property=\"og:url\" content=\"https:\/\/www.lamaisonduguil.com\/blog\/mentions-legales-et-conditions-generales-de-vente\/\" \/>\n<meta property=\"og:site_name\" content=\"La Maison du Guil - Le Blog\" \/>\n<meta property=\"article:publisher\" content=\"http:\/\/www.facebook.com\/lamaisonduguil\" \/>\n<meta property=\"article:modified_time\" content=\"2023-01-09T17:13:16+00:00\" \/>\n<meta name=\"twitter:card\" content=\"summary_large_image\" \/>\n<meta name=\"twitter:label1\" content=\"Dur\u00e9e de lecture estim\u00e9e\" \/>\n\t<meta name=\"twitter:data1\" content=\"5 minutes\" \/>\n<script type=\"application\/ld+json\" class=\"yoast-schema-graph\">{\"@context\":\"https:\\\/\\\/schema.org\",\"@graph\":[{\"@type\":\"WebPage\",\"@id\":\"https:\\\/\\\/www.lamaisonduguil.com\\\/blog\\\/mentions-legales-et-conditions-generales-de-vente\\\/\",\"url\":\"https:\\\/\\\/www.lamaisonduguil.com\\\/blog\\\/mentions-legales-et-conditions-generales-de-vente\\\/\",\"name\":\"Mentions l\u00e9gales et conditions g\u00e9n\u00e9rales de vente - La Maison du Guil - Le Blog\",\"isPartOf\":{\"@id\":\"https:\\\/\\\/www.lamaisonduguil.com\\\/blog\\\/#website\"},\"datePublished\":\"2022-04-07T22:28:18+00:00\",\"dateModified\":\"2023-01-09T17:13:16+00:00\",\"breadcrumb\":{\"@id\":\"https:\\\/\\\/www.lamaisonduguil.com\\\/blog\\\/mentions-legales-et-conditions-generales-de-vente\\\/#breadcrumb\"},\"inLanguage\":\"fr-FR\",\"potentialAction\":[{\"@type\":\"ReadAction\",\"target\":[\"https:\\\/\\\/www.lamaisonduguil.com\\\/blog\\\/mentions-legales-et-conditions-generales-de-vente\\\/\"]}]},{\"@type\":\"BreadcrumbList\",\"@id\":\"https:\\\/\\\/www.lamaisonduguil.com\\\/blog\\\/mentions-legales-et-conditions-generales-de-vente\\\/#breadcrumb\",\"itemListElement\":[{\"@type\":\"ListItem\",\"position\":1,\"name\":\"Accueil\",\"item\":\"https:\\\/\\\/www.lamaisonduguil.com\\\/blog\\\/\"},{\"@type\":\"ListItem\",\"position\":2,\"name\":\"Mentions l\u00e9gales et conditions g\u00e9n\u00e9rales de vente\"}]},{\"@type\":\"WebSite\",\"@id\":\"https:\\\/\\\/www.lamaisonduguil.com\\\/blog\\\/#website\",\"url\":\"https:\\\/\\\/www.lamaisonduguil.com\\\/blog\\\/\",\"name\":\"La Maison du Guil - Le Blog\",\"description\":\"Un blog pour vous aider \u00e0 d\u00e9couvrir notre belle r\u00e9gion\",\"publisher\":{\"@id\":\"https:\\\/\\\/www.lamaisonduguil.com\\\/blog\\\/#organization\"},\"potentialAction\":[{\"@type\":\"SearchAction\",\"target\":{\"@type\":\"EntryPoint\",\"urlTemplate\":\"https:\\\/\\\/www.lamaisonduguil.com\\\/blog\\\/?s={search_term_string}\"},\"query-input\":{\"@type\":\"PropertyValueSpecification\",\"valueRequired\":true,\"valueName\":\"search_term_string\"}}],\"inLanguage\":\"fr-FR\"},{\"@type\":\"Organization\",\"@id\":\"https:\\\/\\\/www.lamaisonduguil.com\\\/blog\\\/#organization\",\"name\":\"La Maison du Guil - Le Blog\",\"url\":\"https:\\\/\\\/www.lamaisonduguil.com\\\/blog\\\/\",\"logo\":{\"@type\":\"ImageObject\",\"inLanguage\":\"fr-FR\",\"@id\":\"https:\\\/\\\/www.lamaisonduguil.com\\\/blog\\\/#\\\/schema\\\/logo\\\/image\\\/\",\"url\":\"https:\\\/\\\/www.lamaisonduguil.com\\\/blog\\\/wp-content\\\/uploads\\\/2016\\\/09\\\/logo2.gif\",\"contentUrl\":\"https:\\\/\\\/www.lamaisonduguil.com\\\/blog\\\/wp-content\\\/uploads\\\/2016\\\/09\\\/logo2.gif\",\"width\":207,\"height\":207,\"caption\":\"La Maison du Guil - Le Blog\"},\"image\":{\"@id\":\"https:\\\/\\\/www.lamaisonduguil.com\\\/blog\\\/#\\\/schema\\\/logo\\\/image\\\/\"},\"sameAs\":[\"http:\\\/\\\/www.facebook.com\\\/lamaisonduguil\"]}]}<\/script>\n<!-- \/ Yoast SEO plugin. -->","yoast_head_json":{"title":"Mentions l\u00e9gales et conditions g\u00e9n\u00e9rales de vente - La Maison du Guil - Le Blog","robots":{"index":"index","follow":"follow","max-snippet":"max-snippet:-1","max-image-preview":"max-image-preview:large","max-video-preview":"max-video-preview:-1"},"canonical":"https:\/\/www.lamaisonduguil.com\/blog\/mentions-legales-et-conditions-generales-de-vente\/","og_locale":"fr_FR","og_type":"article","og_title":"Mentions l\u00e9gales et conditions g\u00e9n\u00e9rales de vente - La Maison du Guil - Le Blog","og_description":"Mentions L\u00e9gales En vertu de l\u2019article 6 de la loi n\u00b0 2004-575 du 21 juin 2004 pour la confiance dans l\u2019\u00e9conomie num\u00e9rique, il est pr\u00e9cis\u00e9 aux utilisateurs du site www.lamaisonduguil.com l\u2019identit\u00e9 des diff\u00e9rents intervenants dans le cadre de sa r\u00e9alisation et de son suivi. Propri\u00e9taire SARL La Maison du Guil1337 Chemin de la Font d&rsquo;Eygliers05600 [&hellip;]","og_url":"https:\/\/www.lamaisonduguil.com\/blog\/mentions-legales-et-conditions-generales-de-vente\/","og_site_name":"La Maison du Guil - Le Blog","article_publisher":"http:\/\/www.facebook.com\/lamaisonduguil","article_modified_time":"2023-01-09T17:13:16+00:00","twitter_card":"summary_large_image","twitter_misc":{"Dur\u00e9e de lecture estim\u00e9e":"5 minutes"},"schema":{"@context":"https:\/\/schema.org","@graph":[{"@type":"WebPage","@id":"https:\/\/www.lamaisonduguil.com\/blog\/mentions-legales-et-conditions-generales-de-vente\/","url":"https:\/\/www.lamaisonduguil.com\/blog\/mentions-legales-et-conditions-generales-de-vente\/","name":"Mentions l\u00e9gales et conditions g\u00e9n\u00e9rales de vente - La Maison du Guil - Le Blog","isPartOf":{"@id":"https:\/\/www.lamaisonduguil.com\/blog\/#website"},"datePublished":"2022-04-07T22:28:18+00:00","dateModified":"2023-01-09T17:13:16+00:00","breadcrumb":{"@id":"https:\/\/www.lamaisonduguil.com\/blog\/mentions-legales-et-conditions-generales-de-vente\/#breadcrumb"},"inLanguage":"fr-FR","potentialAction":[{"@type":"ReadAction","target":["https:\/\/www.lamaisonduguil.com\/blog\/mentions-legales-et-conditions-generales-de-vente\/"]}]},{"@type":"BreadcrumbList","@id":"https:\/\/www.lamaisonduguil.com\/blog\/mentions-legales-et-conditions-generales-de-vente\/#breadcrumb","itemListElement":[{"@type":"ListItem","position":1,"name":"Accueil","item":"https:\/\/www.lamaisonduguil.com\/blog\/"},{"@type":"ListItem","position":2,"name":"Mentions l\u00e9gales et conditions g\u00e9n\u00e9rales de vente"}]},{"@type":"WebSite","@id":"https:\/\/www.lamaisonduguil.com\/blog\/#website","url":"https:\/\/www.lamaisonduguil.com\/blog\/","name":"La Maison du Guil - Le Blog","description":"Un blog pour vous aider \u00e0 d\u00e9couvrir notre belle r\u00e9gion","publisher":{"@id":"https:\/\/www.lamaisonduguil.com\/blog\/#organization"},"potentialAction":[{"@type":"SearchAction","target":{"@type":"EntryPoint","urlTemplate":"https:\/\/www.lamaisonduguil.com\/blog\/?s={search_term_string}"},"query-input":{"@type":"PropertyValueSpecification","valueRequired":true,"valueName":"search_term_string"}}],"inLanguage":"fr-FR"},{"@type":"Organization","@id":"https:\/\/www.lamaisonduguil.com\/blog\/#organization","name":"La Maison du Guil - Le Blog","url":"https:\/\/www.lamaisonduguil.com\/blog\/","logo":{"@type":"ImageObject","inLanguage":"fr-FR","@id":"https:\/\/www.lamaisonduguil.com\/blog\/#\/schema\/logo\/image\/","url":"https:\/\/www.lamaisonduguil.com\/blog\/wp-content\/uploads\/2016\/09\/logo2.gif","contentUrl":"https:\/\/www.lamaisonduguil.com\/blog\/wp-content\/uploads\/2016\/09\/logo2.gif","width":207,"height":207,"caption":"La Maison du Guil - Le Blog"},"image":{"@id":"https:\/\/www.lamaisonduguil.com\/blog\/#\/schema\/logo\/image\/"},"sameAs":["http:\/\/www.facebook.com\/lamaisonduguil"]}]}},"_links":{"self":[{"href":"https:\/\/www.lamaisonduguil.com\/blog\/wp-json\/wp\/v2\/pages\/1439","targetHints":{"allow":["GET"]}}],"collection":[{"href":"https:\/\/www.lamaisonduguil.com\/blog\/wp-json\/wp\/v2\/pages"}],"about":[{"href":"https:\/\/www.lamaisonduguil.com\/blog\/wp-json\/wp\/v2\/types\/page"}],"author":[{"embeddable":true,"href":"https:\/\/www.lamaisonduguil.com\/blog\/wp-json\/wp\/v2\/users\/2"}],"replies":[{"embeddable":true,"href":"https:\/\/www.lamaisonduguil.com\/blog\/wp-json\/wp\/v2\/comments?post=1439"}],"version-history":[{"count":0,"href":"https:\/\/www.lamaisonduguil.com\/blog\/wp-json\/wp\/v2\/pages\/1439\/revisions"}],"wp:attachment":[{"href":"https:\/\/www.lamaisonduguil.com\/blog\/wp-json\/wp\/v2\/media?parent=1439"}],"curies":[{"name":"wp","href":"https:\/\/api.w.org\/{rel}","templated":true}]}}