{"id":39,"date":"2016-10-21T20:23:35","date_gmt":"2016-10-21T18:23:35","guid":{"rendered":"http:\/\/www.lamaisonduguil.com\/blog\/?page_id=39"},"modified":"2019-06-04T09:54:04","modified_gmt":"2019-06-04T07:54:04","slug":"contact","status":"publish","type":"page","link":"https:\/\/www.lamaisonduguil.com\/blog\/contact\/","title":{"rendered":"Contact"},"content":{"rendered":"\t\t<div data-elementor-type=\"wp-post\" data-elementor-id=\"39\" class=\"elementor elementor-39\">\n\t\t\t\t\t\t<section class=\"elementor-section elementor-top-section elementor-element elementor-element-4f29a03 elementor-section-boxed elementor-section-height-default elementor-section-height-default\" data-id=\"4f29a03\" data-element_type=\"section\" data-e-type=\"section\">\n\t\t\t\t\t\t<div class=\"elementor-container elementor-column-gap-default\">\n\t\t\t\t\t<div class=\"elementor-column elementor-col-50 elementor-top-column elementor-element elementor-element-d3eb72d\" data-id=\"d3eb72d\" data-element_type=\"column\" data-e-type=\"column\">\n\t\t\t<div class=\"elementor-widget-wrap elementor-element-populated\">\n\t\t\t\t\t\t<div class=\"elementor-element elementor-element-54a98e9 elementor-widget elementor-widget-text-editor\" data-id=\"54a98e9\" data-element_type=\"widget\" data-e-type=\"widget\" data-widget_type=\"text-editor.default\">\n\t\t\t\t<div class=\"elementor-widget-container\">\n\t\t\t\t\t\t\t\t\t<p>N&rsquo;h\u00e9sitez pas \u00e0 nous contacter si vous auriez besoin de plus d&rsquo;information sur notre maison d&rsquo;h\u00f4tes ou nos g\u00eetes, ou si vous voulez nous laisser un commentaire \u00e0 propos de notre blog. \u00a0<\/p><p><strong>La Maison du Guil<\/strong><\/p><p>Tom Van De Velde &#8211; Wim Louage<\/p><p>Chemin de la Font<br \/>05600 EYGLIERS<br \/>FRANCE<\/p><p>+ 33 4 92 50 16 20<\/p><p><a href=\"mailto:info@lamaisonduguil.com\">info@lamaisonduguil.com<\/a><br \/><a href=\"https:\/\/www.lamaisonduguil.com\" target=\"_blank\" rel=\"noopener\">www.lamaisonduguil.com<\/a><\/p>\t\t\t\t\t\t\t\t<\/div>\n\t\t\t\t<\/div>\n\t\t\t\t\t<\/div>\n\t\t<\/div>\n\t\t\t\t<div class=\"elementor-column elementor-col-50 elementor-top-column elementor-element elementor-element-95161ce\" data-id=\"95161ce\" data-element_type=\"column\" data-e-type=\"column\">\n\t\t\t<div class=\"elementor-widget-wrap elementor-element-populated\">\n\t\t\t\t\t\t<div class=\"elementor-element elementor-element-ead2e4c elementor-widget elementor-widget-image\" data-id=\"ead2e4c\" data-element_type=\"widget\" data-e-type=\"widget\" data-widget_type=\"image.default\">\n\t\t\t\t<div class=\"elementor-widget-container\">\n\t\t\t\t\t\t\t\t\t\t\t\t\t\t\t<img fetchpriority=\"high\" decoding=\"async\" width=\"1024\" height=\"683\" src=\"https:\/\/www.lamaisonduguil.com\/blog\/wp-content\/uploads\/2016\/10\/IMG_7108-1024x683.jpg\" class=\"attachment-large size-large wp-image-9\" alt=\"\" srcset=\"https:\/\/www.lamaisonduguil.com\/blog\/wp-content\/uploads\/2016\/10\/IMG_7108-1024x683.jpg 1024w, https:\/\/www.lamaisonduguil.com\/blog\/wp-content\/uploads\/2016\/10\/IMG_7108-300x200.jpg 300w, https:\/\/www.lamaisonduguil.com\/blog\/wp-content\/uploads\/2016\/10\/IMG_7108-768x512.jpg 768w, https:\/\/www.lamaisonduguil.com\/blog\/wp-content\/uploads\/2016\/10\/IMG_7108-1200x800.jpg 1200w, https:\/\/www.lamaisonduguil.com\/blog\/wp-content\/uploads\/2016\/10\/IMG_7108-e1518684749835.jpg 1800w\" sizes=\"(max-width: 1024px) 100vw, 1024px\" \/>\t\t\t\t\t\t\t\t\t\t\t\t\t\t\t<\/div>\n\t\t\t\t<\/div>\n\t\t\t\t\t<\/div>\n\t\t<\/div>\n\t\t\t\t\t<\/div>\n\t\t<\/section>\n\t\t\t\t<section class=\"elementor-section elementor-top-section elementor-element elementor-element-add919a elementor-section-boxed elementor-section-height-default elementor-section-height-default\" data-id=\"add919a\" data-element_type=\"section\" data-e-type=\"section\">\n\t\t\t\t\t\t<div class=\"elementor-container elementor-column-gap-default\">\n\t\t\t\t\t<div class=\"elementor-column elementor-col-100 elementor-top-column elementor-element elementor-element-30a38e2\" data-id=\"30a38e2\" data-element_type=\"column\" data-e-type=\"column\">\n\t\t\t<div class=\"elementor-widget-wrap elementor-element-populated\">\n\t\t\t\t\t\t<div class=\"elementor-element elementor-element-fca9931 elementor-widget elementor-widget-shortcode\" data-id=\"fca9931\" data-element_type=\"widget\" data-e-type=\"widget\" data-widget_type=\"shortcode.default\">\n\t\t\t\t<div class=\"elementor-widget-container\">\n\t\t\t\t\t\t\t<div class=\"elementor-shortcode\">\n<div class=\"wpcf7 no-js\" id=\"wpcf7-f1140-o1\" lang=\"fr-FR\" dir=\"ltr\" data-wpcf7-id=\"1140\">\n<div class=\"screen-reader-response\"><p role=\"status\" aria-live=\"polite\" aria-atomic=\"true\"><\/p> <ul><\/ul><\/div>\n<form action=\"\/blog\/wp-json\/wp\/v2\/pages\/39#wpcf7-f1140-o1\" method=\"post\" class=\"wpcf7-form init\" aria-label=\"Formulaire de contact\" novalidate=\"novalidate\" data-status=\"init\">\n<fieldset class=\"hidden-fields-container\"><input type=\"hidden\" name=\"_wpcf7\" value=\"1140\" \/><input type=\"hidden\" name=\"_wpcf7_version\" value=\"6.1.5\" \/><input type=\"hidden\" name=\"_wpcf7_locale\" value=\"fr_FR\" \/><input type=\"hidden\" name=\"_wpcf7_unit_tag\" value=\"wpcf7-f1140-o1\" \/><input type=\"hidden\" name=\"_wpcf7_container_post\" value=\"0\" \/><input type=\"hidden\" name=\"_wpcf7_posted_data_hash\" value=\"\" \/>\n<\/fieldset>\n<p><label> Votre nom (obligatoire)<br \/>\n<span class=\"wpcf7-form-control-wrap\" data-name=\"your-name\"><input size=\"40\" maxlength=\"400\" class=\"wpcf7-form-control wpcf7-text wpcf7-validates-as-required\" aria-required=\"true\" aria-invalid=\"false\" value=\"\" type=\"text\" name=\"your-name\" \/><\/span> <\/label>\n<\/p>\n<p><label> Votre adresse de messagerie (obligatoire)<br \/>\n<span class=\"wpcf7-form-control-wrap\" data-name=\"your-email\"><input size=\"40\" maxlength=\"400\" class=\"wpcf7-form-control wpcf7-email wpcf7-validates-as-required wpcf7-text wpcf7-validates-as-email\" aria-required=\"true\" aria-invalid=\"false\" value=\"\" type=\"email\" name=\"your-email\" \/><\/span> <\/label>\n<\/p>\n<p><label> Objet<br \/>\n<span class=\"wpcf7-form-control-wrap\" data-name=\"your-subject\"><input size=\"40\" maxlength=\"400\" class=\"wpcf7-form-control wpcf7-text\" aria-invalid=\"false\" value=\"\" type=\"text\" name=\"your-subject\" \/><\/span> <\/label>\n<\/p>\n<p><label> Votre message<br \/>\n<span class=\"wpcf7-form-control-wrap\" data-name=\"your-message\"><textarea cols=\"40\" rows=\"10\" maxlength=\"2000\" class=\"wpcf7-form-control wpcf7-textarea\" aria-invalid=\"false\" name=\"your-message\"><\/textarea><\/span> <\/label>\n<\/p>\n<p><input class=\"wpcf7-form-control wpcf7-submit has-spinner\" type=\"submit\" value=\"Envoyer\" \/>\n<\/p><p style=\"display: none !important;\" class=\"akismet-fields-container\" data-prefix=\"_wpcf7_ak_\"><label>&#916;<textarea name=\"_wpcf7_ak_hp_textarea\" cols=\"45\" rows=\"8\" maxlength=\"100\"><\/textarea><\/label><input type=\"hidden\" id=\"ak_js_1\" name=\"_wpcf7_ak_js\" value=\"164\"\/><script>\ndocument.getElementById( \"ak_js_1\" ).setAttribute( \"value\", ( new Date() ).getTime() );\n<\/script>\n<\/p><div class=\"wpcf7-response-output\" aria-hidden=\"true\"><\/div>\n<\/form>\n<\/div>\n<\/div>\n\t\t\t\t\t\t<\/div>\n\t\t\t\t<\/div>\n\t\t\t\t\t<\/div>\n\t\t<\/div>\n\t\t\t\t\t<\/div>\n\t\t<\/section>\n\t\t\t\t<\/div>\n\t\t","protected":false},"excerpt":{"rendered":"<p>N&rsquo;h\u00e9sitez pas \u00e0 nous contacter si vous auriez besoin de plus d&rsquo;information sur notre maison d&rsquo;h\u00f4tes ou nos g\u00eetes, ou si vous voulez nous laisser un commentaire \u00e0 propos de notre blog. &nbsp; La Maison du Guil Tom Van De Velde &#8211; Wim Louage Chemin de la Font 05600 EYGLIERS FRANCE + 33 4 92 [&hellip;]<\/p>\n","protected":false},"author":2,"featured_media":0,"parent":0,"menu_order":0,"comment_status":"closed","ping_status":"closed","template":"","meta":{"site-sidebar-layout":"no-sidebar","site-content-layout":"default","ast-site-content-layout":"default","site-content-style":"default","site-sidebar-style":"default","ast-global-header-display":"","ast-banner-title-visibility":"","ast-main-header-display":"","ast-hfb-above-header-display":"","ast-hfb-below-header-display":"","ast-hfb-mobile-header-display":"","site-post-title":"","ast-breadcrumbs-content":"","ast-featured-img":"","footer-sml-layout":"","theme-transparent-header-meta":"default","adv-header-id-meta":"","stick-header-meta":"","header-above-stick-meta":"","header-main-stick-meta":"","header-below-stick-meta":"","astra-migrate-meta-layouts":"default","ast-page-background-enabled":"default","ast-page-background-meta":{"desktop":{"background-color":"","background-image":"","background-repeat":"repeat","background-position":"center center","background-size":"auto","background-attachment":"scroll","background-type":"","background-media":"","overlay-type":"","overlay-color":"","overlay-opacity":"","overlay-gradient":""},"tablet":{"background-color":"","background-image":"","background-repeat":"repeat","background-position":"center center","background-size":"auto","background-attachment":"scroll","background-type":"","background-media":"","overlay-type":"","overlay-color":"","overlay-opacity":"","overlay-gradient":""},"mobile":{"background-color":"","background-image":"","background-repeat":"repeat","background-position":"center center","background-size":"auto","background-attachment":"scroll","background-type":"","background-media":"","overlay-type":"","overlay-color":"","overlay-opacity":"","overlay-gradient":""}},"ast-content-background-meta":{"desktop":{"background-color":"var(--ast-global-color-5)","background-image":"","background-repeat":"repeat","background-position":"center center","background-size":"auto","background-attachment":"scroll","background-type":"","background-media":"","overlay-type":"","overlay-color":"","overlay-opacity":"","overlay-gradient":""},"tablet":{"background-color":"var(--ast-global-color-5)","background-image":"","background-repeat":"repeat","background-position":"center center","background-size":"auto","background-attachment":"scroll","background-type":"","background-media":"","overlay-type":"","overlay-color":"","overlay-opacity":"","overlay-gradient":""},"mobile":{"background-color":"var(--ast-global-color-5)","background-image":"","background-repeat":"repeat","background-position":"center center","background-size":"auto","background-attachment":"scroll","background-type":"","background-media":"","overlay-type":"","overlay-color":"","overlay-opacity":"","overlay-gradient":""}},"ngg_post_thumbnail":0,"footnotes":""},"class_list":["post-39","page","type-page","status-publish","hentry"],"yoast_head":"<!-- This site is optimized with the Yoast SEO plugin v27.5 - https:\/\/yoast.com\/product\/yoast-seo-wordpress\/ -->\n<title>Contact - La Maison du Guil - Le Blog<\/title>\n<meta name=\"robots\" content=\"noindex, follow\" \/>\n<meta property=\"og:locale\" content=\"fr_FR\" \/>\n<meta property=\"og:type\" content=\"article\" \/>\n<meta property=\"og:title\" content=\"Contact - La Maison du Guil - Le Blog\" \/>\n<meta property=\"og:description\" content=\"N&rsquo;h\u00e9sitez pas \u00e0 nous contacter si vous auriez besoin de plus d&rsquo;information sur notre maison d&rsquo;h\u00f4tes ou nos g\u00eetes, ou si vous voulez nous laisser un commentaire \u00e0 propos de notre blog. &nbsp; La Maison du Guil Tom Van De Velde &#8211; Wim Louage Chemin de la Font 05600 EYGLIERS FRANCE + 33 4 92 [&hellip;]\" \/>\n<meta property=\"og:url\" content=\"https:\/\/www.lamaisonduguil.com\/blog\/contact\/\" \/>\n<meta property=\"og:site_name\" content=\"La Maison du Guil - Le Blog\" \/>\n<meta property=\"article:publisher\" content=\"http:\/\/www.facebook.com\/lamaisonduguil\" \/>\n<meta property=\"article:modified_time\" content=\"2019-06-04T07:54:04+00:00\" \/>\n<meta property=\"og:image\" content=\"https:\/\/www.lamaisonduguil.com\/blog\/wp-content\/uploads\/2016\/10\/IMG_7108-1024x683.jpg\" \/>\n<meta name=\"twitter:card\" content=\"summary_large_image\" \/>\n<script type=\"application\/ld+json\" class=\"yoast-schema-graph\">{\"@context\":\"https:\\\/\\\/schema.org\",\"@graph\":[{\"@type\":\"WebPage\",\"@id\":\"https:\\\/\\\/www.lamaisonduguil.com\\\/blog\\\/contact\\\/\",\"url\":\"https:\\\/\\\/www.lamaisonduguil.com\\\/blog\\\/contact\\\/\",\"name\":\"Contact - La Maison du Guil - Le Blog\",\"isPartOf\":{\"@id\":\"https:\\\/\\\/www.lamaisonduguil.com\\\/blog\\\/#website\"},\"primaryImageOfPage\":{\"@id\":\"https:\\\/\\\/www.lamaisonduguil.com\\\/blog\\\/contact\\\/#primaryimage\"},\"image\":{\"@id\":\"https:\\\/\\\/www.lamaisonduguil.com\\\/blog\\\/contact\\\/#primaryimage\"},\"thumbnailUrl\":\"https:\\\/\\\/www.lamaisonduguil.com\\\/blog\\\/wp-content\\\/uploads\\\/2016\\\/10\\\/IMG_7108-1024x683.jpg\",\"datePublished\":\"2016-10-21T18:23:35+00:00\",\"dateModified\":\"2019-06-04T07:54:04+00:00\",\"breadcrumb\":{\"@id\":\"https:\\\/\\\/www.lamaisonduguil.com\\\/blog\\\/contact\\\/#breadcrumb\"},\"inLanguage\":\"fr-FR\",\"potentialAction\":[{\"@type\":\"ReadAction\",\"target\":[\"https:\\\/\\\/www.lamaisonduguil.com\\\/blog\\\/contact\\\/\"]}]},{\"@type\":\"ImageObject\",\"inLanguage\":\"fr-FR\",\"@id\":\"https:\\\/\\\/www.lamaisonduguil.com\\\/blog\\\/contact\\\/#primaryimage\",\"url\":\"https:\\\/\\\/www.lamaisonduguil.com\\\/blog\\\/wp-content\\\/uploads\\\/2016\\\/10\\\/IMG_7108-1024x683.jpg\",\"contentUrl\":\"https:\\\/\\\/www.lamaisonduguil.com\\\/blog\\\/wp-content\\\/uploads\\\/2016\\\/10\\\/IMG_7108-1024x683.jpg\"},{\"@type\":\"BreadcrumbList\",\"@id\":\"https:\\\/\\\/www.lamaisonduguil.com\\\/blog\\\/contact\\\/#breadcrumb\",\"itemListElement\":[{\"@type\":\"ListItem\",\"position\":1,\"name\":\"Accueil\",\"item\":\"https:\\\/\\\/www.lamaisonduguil.com\\\/blog\\\/\"},{\"@type\":\"ListItem\",\"position\":2,\"name\":\"Contact\"}]},{\"@type\":\"WebSite\",\"@id\":\"https:\\\/\\\/www.lamaisonduguil.com\\\/blog\\\/#website\",\"url\":\"https:\\\/\\\/www.lamaisonduguil.com\\\/blog\\\/\",\"name\":\"La Maison du Guil - Le Blog\",\"description\":\"Un blog pour vous aider \u00e0 d\u00e9couvrir notre belle r\u00e9gion\",\"publisher\":{\"@id\":\"https:\\\/\\\/www.lamaisonduguil.com\\\/blog\\\/#organization\"},\"potentialAction\":[{\"@type\":\"SearchAction\",\"target\":{\"@type\":\"EntryPoint\",\"urlTemplate\":\"https:\\\/\\\/www.lamaisonduguil.com\\\/blog\\\/?s={search_term_string}\"},\"query-input\":{\"@type\":\"PropertyValueSpecification\",\"valueRequired\":true,\"valueName\":\"search_term_string\"}}],\"inLanguage\":\"fr-FR\"},{\"@type\":\"Organization\",\"@id\":\"https:\\\/\\\/www.lamaisonduguil.com\\\/blog\\\/#organization\",\"name\":\"La Maison du Guil - Le Blog\",\"url\":\"https:\\\/\\\/www.lamaisonduguil.com\\\/blog\\\/\",\"logo\":{\"@type\":\"ImageObject\",\"inLanguage\":\"fr-FR\",\"@id\":\"https:\\\/\\\/www.lamaisonduguil.com\\\/blog\\\/#\\\/schema\\\/logo\\\/image\\\/\",\"url\":\"https:\\\/\\\/www.lamaisonduguil.com\\\/blog\\\/wp-content\\\/uploads\\\/2016\\\/09\\\/logo2.gif\",\"contentUrl\":\"https:\\\/\\\/www.lamaisonduguil.com\\\/blog\\\/wp-content\\\/uploads\\\/2016\\\/09\\\/logo2.gif\",\"width\":207,\"height\":207,\"caption\":\"La Maison du Guil - Le Blog\"},\"image\":{\"@id\":\"https:\\\/\\\/www.lamaisonduguil.com\\\/blog\\\/#\\\/schema\\\/logo\\\/image\\\/\"},\"sameAs\":[\"http:\\\/\\\/www.facebook.com\\\/lamaisonduguil\"]}]}<\/script>\n<!-- \/ Yoast SEO plugin. -->","yoast_head_json":{"title":"Contact - La Maison du Guil - Le Blog","robots":{"index":"noindex","follow":"follow"},"og_locale":"fr_FR","og_type":"article","og_title":"Contact - La Maison du Guil - Le Blog","og_description":"N&rsquo;h\u00e9sitez pas \u00e0 nous contacter si vous auriez besoin de plus d&rsquo;information sur notre maison d&rsquo;h\u00f4tes ou nos g\u00eetes, ou si vous voulez nous laisser un commentaire \u00e0 propos de notre blog. &nbsp; La Maison du Guil Tom Van De Velde &#8211; Wim Louage Chemin de la Font 05600 EYGLIERS FRANCE + 33 4 92 [&hellip;]","og_url":"https:\/\/www.lamaisonduguil.com\/blog\/contact\/","og_site_name":"La Maison du Guil - Le Blog","article_publisher":"http:\/\/www.facebook.com\/lamaisonduguil","article_modified_time":"2019-06-04T07:54:04+00:00","og_image":[{"url":"https:\/\/www.lamaisonduguil.com\/blog\/wp-content\/uploads\/2016\/10\/IMG_7108-1024x683.jpg","type":"","width":"","height":""}],"twitter_card":"summary_large_image","schema":{"@context":"https:\/\/schema.org","@graph":[{"@type":"WebPage","@id":"https:\/\/www.lamaisonduguil.com\/blog\/contact\/","url":"https:\/\/www.lamaisonduguil.com\/blog\/contact\/","name":"Contact - La Maison du Guil - Le Blog","isPartOf":{"@id":"https:\/\/www.lamaisonduguil.com\/blog\/#website"},"primaryImageOfPage":{"@id":"https:\/\/www.lamaisonduguil.com\/blog\/contact\/#primaryimage"},"image":{"@id":"https:\/\/www.lamaisonduguil.com\/blog\/contact\/#primaryimage"},"thumbnailUrl":"https:\/\/www.lamaisonduguil.com\/blog\/wp-content\/uploads\/2016\/10\/IMG_7108-1024x683.jpg","datePublished":"2016-10-21T18:23:35+00:00","dateModified":"2019-06-04T07:54:04+00:00","breadcrumb":{"@id":"https:\/\/www.lamaisonduguil.com\/blog\/contact\/#breadcrumb"},"inLanguage":"fr-FR","potentialAction":[{"@type":"ReadAction","target":["https:\/\/www.lamaisonduguil.com\/blog\/contact\/"]}]},{"@type":"ImageObject","inLanguage":"fr-FR","@id":"https:\/\/www.lamaisonduguil.com\/blog\/contact\/#primaryimage","url":"https:\/\/www.lamaisonduguil.com\/blog\/wp-content\/uploads\/2016\/10\/IMG_7108-1024x683.jpg","contentUrl":"https:\/\/www.lamaisonduguil.com\/blog\/wp-content\/uploads\/2016\/10\/IMG_7108-1024x683.jpg"},{"@type":"BreadcrumbList","@id":"https:\/\/www.lamaisonduguil.com\/blog\/contact\/#breadcrumb","itemListElement":[{"@type":"ListItem","position":1,"name":"Accueil","item":"https:\/\/www.lamaisonduguil.com\/blog\/"},{"@type":"ListItem","position":2,"name":"Contact"}]},{"@type":"WebSite","@id":"https:\/\/www.lamaisonduguil.com\/blog\/#website","url":"https:\/\/www.lamaisonduguil.com\/blog\/","name":"La Maison du Guil - Le Blog","description":"Un blog pour vous aider \u00e0 d\u00e9couvrir notre belle r\u00e9gion","publisher":{"@id":"https:\/\/www.lamaisonduguil.com\/blog\/#organization"},"potentialAction":[{"@type":"SearchAction","target":{"@type":"EntryPoint","urlTemplate":"https:\/\/www.lamaisonduguil.com\/blog\/?s={search_term_string}"},"query-input":{"@type":"PropertyValueSpecification","valueRequired":true,"valueName":"search_term_string"}}],"inLanguage":"fr-FR"},{"@type":"Organization","@id":"https:\/\/www.lamaisonduguil.com\/blog\/#organization","name":"La Maison du Guil - Le Blog","url":"https:\/\/www.lamaisonduguil.com\/blog\/","logo":{"@type":"ImageObject","inLanguage":"fr-FR","@id":"https:\/\/www.lamaisonduguil.com\/blog\/#\/schema\/logo\/image\/","url":"https:\/\/www.lamaisonduguil.com\/blog\/wp-content\/uploads\/2016\/09\/logo2.gif","contentUrl":"https:\/\/www.lamaisonduguil.com\/blog\/wp-content\/uploads\/2016\/09\/logo2.gif","width":207,"height":207,"caption":"La Maison du Guil - Le Blog"},"image":{"@id":"https:\/\/www.lamaisonduguil.com\/blog\/#\/schema\/logo\/image\/"},"sameAs":["http:\/\/www.facebook.com\/lamaisonduguil"]}]}},"_links":{"self":[{"href":"https:\/\/www.lamaisonduguil.com\/blog\/wp-json\/wp\/v2\/pages\/39","targetHints":{"allow":["GET"]}}],"collection":[{"href":"https:\/\/www.lamaisonduguil.com\/blog\/wp-json\/wp\/v2\/pages"}],"about":[{"href":"https:\/\/www.lamaisonduguil.com\/blog\/wp-json\/wp\/v2\/types\/page"}],"author":[{"embeddable":true,"href":"https:\/\/www.lamaisonduguil.com\/blog\/wp-json\/wp\/v2\/users\/2"}],"replies":[{"embeddable":true,"href":"https:\/\/www.lamaisonduguil.com\/blog\/wp-json\/wp\/v2\/comments?post=39"}],"version-history":[{"count":0,"href":"https:\/\/www.lamaisonduguil.com\/blog\/wp-json\/wp\/v2\/pages\/39\/revisions"}],"wp:attachment":[{"href":"https:\/\/www.lamaisonduguil.com\/blog\/wp-json\/wp\/v2\/media?parent=39"}],"curies":[{"name":"wp","href":"https:\/\/api.w.org\/{rel}","templated":true}]}}